{"id":2,"date":"2024-07-17T16:15:21","date_gmt":"2024-07-17T14:15:21","guid":{"rendered":"http:\/\/web51.server.inventmedia.de\/?page_id=2"},"modified":"2024-09-06T18:32:12","modified_gmt":"2024-09-06T16:32:12","slug":"impressum","status":"publish","type":"page","link":"https:\/\/vera-via.de\/kraftfahrer\/impressum\/","title":{"rendered":"Impressum"},"content":{"rendered":"\n<h2 class=\"wp-block-heading\">Angaben gem\u00e4\u00df \u00a7 5 DDG<\/h2>\n\n\n\n<p>vera via personaldienstleistung GbR<br>Leunaer Stra\u00dfe 7<br>Office &amp; Business Center LEUNAER7 1<br>2681 Berlin<\/p>\n\n\n\n<p>Handelsregister: 114456 B<br>Registergericht: Berlin-Charlottenburg<\/p>\n\n\n\n<p><strong>Vertreten durch:<\/strong><br>Daniel Berte<br>Michael Schattschneider<\/p>\n\n\n\n<h2 class=\"wp-block-heading\">Kontakt<\/h2>\n\n\n\n<p>Telefon: 030 55 44 056-0<br>Telefax: 030 55 44 056-10<br>E-Mail: info@vera-via.de<\/p>\n\n\n\n<h2 class=\"wp-block-heading\">Umsatzsteuer-ID<\/h2>\n\n\n\n<p>Umsatzsteuer-Identifikationsnummer gem\u00e4\u00df \u00a7 27 a Umsatzsteuergesetz:<br>DE 242831837<\/p>\n\n\n\n<h2 class=\"wp-block-heading\">Aufsichtsbeh\u00f6rde<\/h2>\n\n\n\n<p>Bundesagentur f\u00fcr <a href=\"https:\/\/vera-via.de\/kraftfahrer\/lkw-fahrer-jobs-in-berlin\/\">Arbeit<\/a><br><a href=\"https:\/\/www.arbeitsagentur.de\/vor-ort\/kiel\/unternehmen\/arbeitnehmerueberlassung\" target=\"_blank\" rel=\"noreferrer noopener\">Arbeitnehmer\u00fcberlassung |<\/a> <a href=\"https:\/\/www.arbeitsagentur.de\/vor-ort\/kiel\/unternehmen\/arbeitnehmerueberlassung\" target=\"_blank\" rel=\"noreferrer noopener\">Agentur f\u00fcr Arbeit Kiel (arbeitsagentur.de)<\/a><\/p>\n\n\n\n<h2 class=\"wp-block-heading\">Angaben zur Berufshaftpflichtversicherung<\/h2>\n\n\n\n<p><strong>Name und Sitz des Versicherers:<\/strong><br>Aachen M\u00fcnchener Versicherung AG<br>20081 Hamburg<\/p>\n\n\n\n<p><strong>Geltungsraum der Versicherung:<\/strong><br>Deutschland<\/p>\n\n\n\n<h2 class=\"wp-block-heading\">Quellenangaben f\u00fcr die verwendeten Bilder und Grafiken:<\/h2>\n\n\n\n<p>canstockphoto \/\/ pixabay \/\/ freeimages<br>1167952 \u00a9 by gajdamak<br>1240345 \u00a9 by Tamer_TATLICI<br>1439915 \u00a9 by Alfonso_Romero<br>1440364 \u00a9 by Griszka_Niewiadomski<br>1514968 \u00a9 by Joe_Zlomek<br>1763630 \u00a9 by Canstock<br>2097775_\u00a9 by VILevi<br>3553351 \u00a9 by stockxpertcom<br>5192618 \u00a9 by kurhan<br>5948119 \u00a9 by gajdamak<br>7986464 \u00a9 by 4774344sean<br>8000032 \u00a9 by Paha_L<br>8898155 \u00a9 by photography33<br>9563356 \u00a9 by gina_sanders<br>14970223 \u00a9 by kadmy<br>15750163 \u00a9 by kadmy<br>16280097 \u00a9 by kadmy<br>16913045 \u00a9 by kadmy<br>22410381 \u00a9 by Saklakova<br>27298636 \u00a9 by Zinkevych<br>27298643 \u00a9 by Zinkevych<br>35326564 \u00a9 by AndreyPopov<br>39473247 \u00a9 by Antonio_Diaz<br>52792761 \u00a9 by Dan Race<br>20546865 \u00a9 by rudi1976<br>16191493 \u00a9 by SeanPavonePhoto<br>10539826 \u00a9 by elxeneize<br>auf Facebook+Instagram:<br>\u00a9 Can Stock Photo \/ Lukassek 54692230<br>\u00a9 Can Stock Photo \/ Lopolo 34190333<br>\u00a9 Can Stock Photo \/ Kzenon 57270688<br>\u00a9 Can Stock Photo \/ kadmy 18920410<br>\u00a9 Can Stock Photo \/ kadmy 16280097<br>\u00a9 Can Stock Photo \/ kadmy 15356316<br>\u00a9 Can Stock Photo \/ Farina5000 9171985<br>\u00a9 Can Stock Photo \/ Elnur 47605368<br>\u00a9 Can Stock Photo \/ AndreyPopov 35326523<br>\u00a9 Can Stock Photo \/ AndreyPopov 35326420<\/p>\n\n\n\n<h2 class=\"wp-block-heading\">Website von:<\/h2>\n\n\n\n<p>Benjamin Simmrow<br><a href=\"https:\/\/www.inventmedia.de\" target=\"_blank\" rel=\"noreferrer noopener\">inventmedia<\/a><\/p>\n\n\n\n<h2 class=\"wp-block-heading\">Verbraucher\u00adstreit\u00adbeilegung\/Universal\u00adschlichtungs\u00adstelle<\/h2>\n\n\n\n<p>Wir sind nicht bereit oder verpflichtet, an Streitbeilegungsverfahren vor einer Verbraucherschlichtungsstelle teilzunehmen.<\/p>\n\n\n\n<h3 class=\"wp-block-heading\">Haftung f\u00fcr Inhalte<\/h3>\n\n\n\n<p>Als Diensteanbieter sind wir gem\u00e4\u00df \u00a7 7 Abs.1 TMG f\u00fcr eigene Inhalte auf diesen Seiten nach den allgemeinen Gesetzen verantwortlich. Nach \u00a7\u00a7 8 bis 10 TMG sind wir als Diensteanbieter jedoch nicht verpflichtet, \u00fcbermittelte oder gespeicherte fremde Informationen zu \u00fcberwachen oder nach Umst\u00e4nden zu forschen, die auf eine rechtswidrige T\u00e4tigkeit hinweisen.<\/p>\n\n\n\n<p>Verpflichtungen zur Entfernung oder Sperrung der Nutzung von Informationen nach den allgemeinen Gesetzen bleiben hiervon unber\u00fchrt. Eine diesbez\u00fcgliche Haftung ist jedoch erst ab dem Zeitpunkt der Kenntnis einer konkreten Rechtsverletzung m\u00f6glich. Bei Bekanntwerden von entsprechenden Rechtsverletzungen werden wir diese Inhalte umgehend entfernen.<\/p>\n\n\n\n<h3 class=\"wp-block-heading\">Haftung f\u00fcr Links<\/h3>\n\n\n\n<p>Unser Angebot enth\u00e4lt Links zu externen Websites Dritter, auf deren Inhalte wir keinen Einfluss haben. Deshalb k\u00f6nnen wir f\u00fcr diese fremden Inhalte auch keine Gew\u00e4hr \u00fcbernehmen. F\u00fcr die Inhalte der verlinkten Seiten ist stets der jeweilige Anbieter oder Betreiber der Seiten verantwortlich. Die verlinkten Seiten wurden zum Zeitpunkt der Verlinkung auf m\u00f6gliche Rechtsverst\u00f6\u00dfe \u00fcberpr\u00fcft. Rechtswidrige Inhalte waren zum Zeitpunkt der Verlinkung nicht erkennbar.<\/p>\n\n\n\n<p>Eine permanente inhaltliche Kontrolle der verlinkten Seiten ist jedoch ohne konkrete Anhaltspunkte einer Rechtsverletzung nicht zumutbar. Bei Bekanntwerden von Rechtsverletzungen werden wir derartige Links umgehend entfernen.<\/p>\n\n\n\n<h3 class=\"wp-block-heading\">Urheberrecht<\/h3>\n\n\n\n<p>Die durch die Seitenbetreiber erstellten Inhalte und Werke auf diesen Seiten unterliegen dem deutschen Urheberrecht. Die Vervielf\u00e4ltigung, Bearbeitung, Verbreitung und jede Art der Verwertung au\u00dferhalb der Grenzen des Urheberrechtes bed\u00fcrfen der schriftlichen Zustimmung des jeweiligen Autors bzw. Erstellers. Downloads und Kopien dieser Seite sind nur f\u00fcr den privaten, nicht kommerziellen Gebrauch gestattet.<\/p>\n\n\n\n<p>Soweit die Inhalte auf dieser Seite nicht vom Betreiber erstellt wurden, werden die Urheberrechte Dritter beachtet. Insbesondere werden Inhalte Dritter als solche gekennzeichnet. Sollten Sie trotzdem auf eine Urheberrechtsverletzung aufmerksam werden, bitten wir um einen entsprechenden Hinweis. Bei Bekanntwerden von Rechtsverletzungen werden wir derartige Inhalte umgehend entfernen.<\/p>\n\n\n\n<p>Dies ist eine Beispiel-Seite. Sie unterscheidet sich von Beitr\u00e4gen, da sie stets an derselben Stelle bleibt und (bei den meisten Themes) in der Website-Navigation angezeigt wird. Die meisten starten mit einem Impressum, der Datenschutzerkl\u00e4rung oder einer \u201e\u00dcber&nbsp;uns\u201c-Seite, um sich potenziellen Besuchern der Website vorzustellen. Dort k\u00f6nnte zum Beispiel stehen:<\/p>\n\n\n\n<blockquote class=\"wp-block-quote is-layout-flow wp-block-quote-is-layout-flow\">\n<p>Hallo! Tags\u00fcber arbeite ich als Fahrradkurier, nachts bin ich ein aufstrebender Schauspieler und dies hier ist meine Website. Ich lebe in Berlin, habe einen gro\u00dfen Hund namens Jack, mag Pi\u00f1a Coladas, jedoch weniger (ohne Schirm) im Regen stehen gelassen zu werden.<\/p>\n<\/blockquote>\n\n\n\n<p>&#8230;&nbsp;oder so etwas wie:<\/p>\n\n\n\n<blockquote class=\"wp-block-quote is-layout-flow wp-block-quote-is-layout-flow\">\n<p>Das Unternehmen XYZ wurde 1971 gegr\u00fcndet und versorgt die \u00d6ffentlichkeit seither mit qualitativ hochwertigen Produkten. An seinem Standort in einer kleinen Gro\u00dfstadt besch\u00e4ftigt der Betrieb \u00fcber 2.000 Menschen und unterst\u00fctzt die Stadtbewohner in vielfacher Hinsicht.<\/p>\n<\/blockquote>\n\n\n\n<p>Als neuer WordPress-Benutzer solltest du <a href=\"http:\/\/web51.server.inventmedia.de\/wp-admin\/\" target=\"_blank\" rel=\"noopener\">dein Dashboard<\/a> aufrufen, um diese Seite zu l\u00f6schen und neue Seiten und Beitr\u00e4ge f\u00fcr deine Website erstellen. Viel Spa\u00df!<\/p>\n","protected":false},"excerpt":{"rendered":"<p>Angaben gem\u00e4\u00df \u00a7 5 DDG vera via personaldienstleistung GbRLeunaer Stra\u00dfe 7Office &amp; Business Center LEUNAER7 12681 Berlin Handelsregister: 114456 BRegistergericht: Berlin-Charlottenburg Vertreten durch:Daniel BerteMichael Schattschneider Kontakt Telefon: 030 55 44 056-0Telefax: 030 55 44 056-10E-Mail: info@vera-via.de Umsatzsteuer-ID Umsatzsteuer-Identifikationsnummer gem\u00e4\u00df \u00a7 27 a Umsatzsteuergesetz:DE 242831837 Aufsichtsbeh\u00f6rde Bundesagentur f\u00fcr ArbeitArbeitnehmer\u00fcberlassung | Agentur f\u00fcr Arbeit Kiel (arbeitsagentur.de) Angaben [&hellip;]<\/p>\n","protected":false},"author":1,"featured_media":0,"parent":0,"menu_order":0,"comment_status":"closed","ping_status":"closed","template":"","meta":{"footnotes":""},"class_list":["post-2","page","type-page","status-publish","hentry"],"_links":{"self":[{"href":"https:\/\/vera-via.de\/kraftfahrer\/wp-json\/wp\/v2\/pages\/2","targetHints":{"allow":["GET"]}}],"collection":[{"href":"https:\/\/vera-via.de\/kraftfahrer\/wp-json\/wp\/v2\/pages"}],"about":[{"href":"https:\/\/vera-via.de\/kraftfahrer\/wp-json\/wp\/v2\/types\/page"}],"author":[{"embeddable":true,"href":"https:\/\/vera-via.de\/kraftfahrer\/wp-json\/wp\/v2\/users\/1"}],"replies":[{"embeddable":true,"href":"https:\/\/vera-via.de\/kraftfahrer\/wp-json\/wp\/v2\/comments?post=2"}],"version-history":[{"count":2,"href":"https:\/\/vera-via.de\/kraftfahrer\/wp-json\/wp\/v2\/pages\/2\/revisions"}],"predecessor-version":[{"id":340,"href":"https:\/\/vera-via.de\/kraftfahrer\/wp-json\/wp\/v2\/pages\/2\/revisions\/340"}],"wp:attachment":[{"href":"https:\/\/vera-via.de\/kraftfahrer\/wp-json\/wp\/v2\/media?parent=2"}],"curies":[{"name":"wp","href":"https:\/\/api.w.org\/{rel}","templated":true}]}}